{"id":101,"date":"2023-05-20T13:07:22","date_gmt":"2023-05-20T16:07:22","guid":{"rendered":"https:\/\/conceitoservico.com.br\/?page_id=101"},"modified":"2023-06-05T21:45:43","modified_gmt":"2023-06-06T00:45:43","slug":"nr-1-disposicoes-gerais-e-gerenciamentos-de-riscos-ocupacionais-gro","status":"publish","type":"page","link":"https:\/\/conceitoservico.com.br\/?page_id=101","title":{"rendered":"NR 1 &#8211; Disposi\u00e7\u00f5es Gerais e Gerenciamentos de Riscos Ocupacionais \u2013 GRO"},"content":{"rendered":"\n<h5 class=\"has-text-align-center\"><strong>O objetivo desta Norma \u00e9 estabelecer as disposi\u00e7\u00f5es gerais, o campo de aplica\u00e7\u00e3o, os termos e as defini\u00e7\u00f5es comuns \u00e0s Normas Regulamentadoras &#8211; NR relativas a seguran\u00e7a e sa\u00fade no trabalho e as diretrizes e os requisitos para o gerenciamento de riscos ocupacionais e as medidas de preven\u00e7\u00e3o em Seguran\u00e7a e Sa\u00fade no Trabalho &#8211; SST.<\/strong><\/h5>\n\n\n\n<hr class=\"wp-block-separator has-alpha-channel-opacity\"\/>\n\n\n\n<ol>\n   <li> Norma Regulamentadora N\u00ba 1 <\/li>\n                <li> Direitos e Deveres <\/li>\n                <li> Gerenciamento de Riscos Ocupacionais- Gr0 <\/li>\n                <li> Invent\u00e1rio de Riscos <\/li>\n                <li> Riscos Ocupacionais <\/li>\n                <li> Avalia\u00e7\u00e3o e Controle dos Riscos Ocupacionais <\/li>\n                <li> Plano de A\u00e7\u00e3o <\/li>\n                <li> Disposi\u00e7\u00f5es Gerais do Gerenciamento de Riscos Ocupacionais <\/li>\n                <li> Refer\u00eancias Bibliogr\u00e1ficas <\/li>\n<\/ol>\n\n\n\n<p><\/p>\n\n\n\n<div class=\"wp-block-buttons is-content-justification-right is-layout-flex wp-container-core-buttons-layout-1 wp-block-buttons-is-layout-flex\">\n<div class=\"wp-block-button\"><a class=\"wp-block-button__link wp-element-button\" href=\"https:\/\/conceitoservico.com.br\/?page_id=237\">Inscrever-se<\/a><\/div>\n<\/div>\n","protected":false},"excerpt":{"rendered":"<p>O objetivo desta Norma \u00e9 estabelecer as disposi\u00e7\u00f5es gerais, o campo de aplica\u00e7\u00e3o, os termos e as defini\u00e7\u00f5es comuns \u00e0s Normas Regulamentadoras &#8211; NR relativas a seguran\u00e7a e sa\u00fade no trabalho e as diretrizes e os requisitos para o gerenciamento de riscos ocupacionais e as medidas de preven\u00e7\u00e3o em Seguran\u00e7a e Sa\u00fade no Trabalho &#8211; [&hellip;]<\/p>\n","protected":false},"author":1,"featured_media":0,"parent":0,"menu_order":0,"comment_status":"closed","ping_status":"closed","template":"","meta":{"om_disable_all_campaigns":false,"_uf_show_specific_survey":0,"_uf_disable_surveys":false,"footnotes":""},"aioseo_notices":[],"_links":{"self":[{"href":"https:\/\/conceitoservico.com.br\/index.php?rest_route=\/wp\/v2\/pages\/101"}],"collection":[{"href":"https:\/\/conceitoservico.com.br\/index.php?rest_route=\/wp\/v2\/pages"}],"about":[{"href":"https:\/\/conceitoservico.com.br\/index.php?rest_route=\/wp\/v2\/types\/page"}],"author":[{"embeddable":true,"href":"https:\/\/conceitoservico.com.br\/index.php?rest_route=\/wp\/v2\/users\/1"}],"replies":[{"embeddable":true,"href":"https:\/\/conceitoservico.com.br\/index.php?rest_route=%2Fwp%2Fv2%2Fcomments&post=101"}],"version-history":[{"count":9,"href":"https:\/\/conceitoservico.com.br\/index.php?rest_route=\/wp\/v2\/pages\/101\/revisions"}],"predecessor-version":[{"id":245,"href":"https:\/\/conceitoservico.com.br\/index.php?rest_route=\/wp\/v2\/pages\/101\/revisions\/245"}],"wp:attachment":[{"href":"https:\/\/conceitoservico.com.br\/index.php?rest_route=%2Fwp%2Fv2%2Fmedia&parent=101"}],"curies":[{"name":"wp","href":"https:\/\/api.w.org\/{rel}","templated":true}]}}