{"id":136,"date":"2023-05-20T13:24:20","date_gmt":"2023-05-20T16:24:20","guid":{"rendered":"https:\/\/conceitoservico.com.br\/?page_id=136"},"modified":"2023-06-05T21:53:08","modified_gmt":"2023-06-06T00:53:08","slug":"nr-5-comissao-interna-de-prevencao-de-acidentes-cipa-grau-de-risco-1","status":"publish","type":"page","link":"https:\/\/conceitoservico.com.br\/?page_id=136","title":{"rendered":"NR 5 &#8211; Comiss\u00e3o Interna de Preven\u00e7\u00e3o de Acidentes &#8211; CIPA &#8211; Grau de Risco 1"},"content":{"rendered":"\n<h5 class=\"wp-block-heading has-text-align-center\"><strong>A Comiss\u00e3o Interna de Preven\u00e7\u00e3o de Acidentes garante a aplicabilidade da gest\u00e3o de seguran\u00e7a na empresa. Mant\u00ea-la em perfeito funcionamento, provendo os subs\u00eddios necess\u00e1rios para que a comiss\u00e3o desempenhe as suas atribui\u00e7\u00f5es, \u00e9 a garantia da minimiza\u00e7\u00e3o de acidentes do trabalho e consequente aumento da qualidade de vida no ambiente laboral e aumento da produtividade. Todos os requisitos para a constitui\u00e7\u00e3o, organiza\u00e7\u00e3o e funcionamento da CIPA s\u00e3o estabelecidos na Norma Regulamentadora 5 da Portaria 3214\/1978.<\/strong><\/h5>\n\n\n\n<hr class=\"wp-block-separator has-alpha-channel-opacity\"\/>\n\n\n\n<ol>\n    <li> Introdu\u00e7\u00e3o <\/li>\n                <li> Norma Regulamentadora 5 <\/li>\n                <li> Atribui\u00e7\u00f5es da Cipa <\/li>\n                <li> Funcionamento da Cipa <\/li>\n                <li> Processo Eleitoral <\/li>\n                <li> Treinamento da Cipa <\/li>\n                <li> Constatadas para Presta\u00e7\u00e3o de Servi\u00e7o <\/li>\n                <li> Riscos Ocupacionais <\/li>\n                <li> Medidas de Controle <\/li>\n                <li> Equipamento de Prote\u00e7\u00e3o Coletiva <\/li>\n                <li> Medidas Administrativas <\/li>\n                <li> Medidas M\u00e9dicas <\/li>\n                <li> Medidas Educativas <\/li>\n                <li> Medidas Psicol\u00f3gicas <\/li>\n                <li> Equipamento de Prote\u00e7\u00e3o Individual- EPI <\/li>\n                <li> Mapa de Risco <\/li>\n                <li> An\u00e1lise de Risco <\/li>\n                <li> Acidente de Trabalho <\/li>\n                <li> No\u00e7\u00f5es e Legisla\u00e7\u00e3o Previdenci\u00e1ria <\/li>\n                <li> Inclus\u00e3o de Pessoas com Defici\u00eancia e Reabilitados nos Processos de Trabalho <\/li>\n                <li> Sensibiliza\u00e7\u00e3o de Equipes na Inclus\u00e3o da Pessoa com Defici\u00eancia <\/li>\n                <li> Refer\u00eancias Bibliogr\u00e1ficas <\/li>\n<\/ol>\n\n\n\n<div class=\"wp-block-buttons is-content-justification-right is-layout-flex wp-container-core-buttons-layout-1 wp-block-buttons-is-layout-flex\">\n<div class=\"wp-block-button\"><a class=\"wp-block-button__link wp-element-button\" href=\"https:\/\/conceitoservico.com.br\/?page_id=237\">Inscrever-se<\/a><\/div>\n<\/div>\n","protected":false},"excerpt":{"rendered":"<p>A Comiss\u00e3o Interna de Preven\u00e7\u00e3o de Acidentes garante a aplicabilidade da gest\u00e3o de seguran\u00e7a na empresa. Mant\u00ea-la em perfeito funcionamento, provendo os subs\u00eddios necess\u00e1rios para que a comiss\u00e3o desempenhe as suas atribui\u00e7\u00f5es, \u00e9 a garantia da minimiza\u00e7\u00e3o de acidentes do trabalho e consequente aumento da qualidade de vida no ambiente laboral e aumento da produtividade. [&hellip;]<\/p>\n","protected":false},"author":1,"featured_media":0,"parent":0,"menu_order":0,"comment_status":"closed","ping_status":"closed","template":"","meta":{"om_disable_all_campaigns":false,"_uf_show_specific_survey":0,"_uf_disable_surveys":false,"footnotes":""},"aioseo_notices":[],"_links":{"self":[{"href":"https:\/\/conceitoservico.com.br\/index.php?rest_route=\/wp\/v2\/pages\/136"}],"collection":[{"href":"https:\/\/conceitoservico.com.br\/index.php?rest_route=\/wp\/v2\/pages"}],"about":[{"href":"https:\/\/conceitoservico.com.br\/index.php?rest_route=\/wp\/v2\/types\/page"}],"author":[{"embeddable":true,"href":"https:\/\/conceitoservico.com.br\/index.php?rest_route=\/wp\/v2\/users\/1"}],"replies":[{"embeddable":true,"href":"https:\/\/conceitoservico.com.br\/index.php?rest_route=%2Fwp%2Fv2%2Fcomments&post=136"}],"version-history":[{"count":4,"href":"https:\/\/conceitoservico.com.br\/index.php?rest_route=\/wp\/v2\/pages\/136\/revisions"}],"predecessor-version":[{"id":257,"href":"https:\/\/conceitoservico.com.br\/index.php?rest_route=\/wp\/v2\/pages\/136\/revisions\/257"}],"wp:attachment":[{"href":"https:\/\/conceitoservico.com.br\/index.php?rest_route=%2Fwp%2Fv2%2Fmedia&parent=136"}],"curies":[{"name":"wp","href":"https:\/\/api.w.org\/{rel}","templated":true}]}}