{"id":142,"date":"2023-05-20T13:33:51","date_gmt":"2023-05-20T16:33:51","guid":{"rendered":"https:\/\/conceitoservico.com.br\/?page_id=142"},"modified":"2023-06-05T21:53:24","modified_gmt":"2023-06-06T00:53:24","slug":"nr-6-equipamentos-de-protecao-individual-epi","status":"publish","type":"page","link":"https:\/\/conceitoservico.com.br\/?page_id=142","title":{"rendered":"NR 6 &#8211; Equipamentos de Prote\u00e7\u00e3o Individual &#8211; EPI"},"content":{"rendered":"\n<h5 class=\"wp-block-heading has-text-align-center\">A Norma Regulamentadora 6, define EPI como todo o dispositivo ou produto, de uso individual utilizado pelo trabalhador, destinado \u00e0 prote\u00e7\u00e3o de riscos suscet\u00edveis de amea\u00e7ar a seguran\u00e7a e a sa\u00fade no trabalho. O EPI, de fabrica\u00e7\u00e3o nacional ou importado, s\u00f3 poder\u00e1 ser posto \u00e0 venda ou utilizado com a indica\u00e7\u00e3o do C.A. \u2013 Certificado de Aprova\u00e7\u00e3o, expedido pelo MTE.<br>Al\u00e9m disso, todo EPI dever\u00e1 apresentar em caracteres indel\u00e9veis e bem vis\u00edveis, o nome comercial da empresa fabricante, o lote de fabrica\u00e7\u00e3o e o n\u00famero do CA, ou, no caso de EPI importado, o nome do importador, o lote de fabrica\u00e7\u00e3o e o n\u00famero do CA.<\/h5>\n\n\n\n<hr class=\"wp-block-separator has-alpha-channel-opacity\"\/>\n\n\n\n<ol><\/ol>\n\n\n\n<div class=\"wp-block-buttons is-content-justification-right is-layout-flex wp-container-core-buttons-layout-1 wp-block-buttons-is-layout-flex\">\n<div class=\"wp-block-button\"><a class=\"wp-block-button__link wp-element-button\" href=\"https:\/\/conceitoservico.com.br\/?page_id=237\">Inscrever-se<\/a><\/div>\n<\/div>\n","protected":false},"excerpt":{"rendered":"<p>A Norma Regulamentadora 6, define EPI como todo o dispositivo ou produto, de uso individual utilizado pelo trabalhador, destinado \u00e0 prote\u00e7\u00e3o de riscos suscet\u00edveis de amea\u00e7ar a seguran\u00e7a e a sa\u00fade no trabalho. O EPI, de fabrica\u00e7\u00e3o nacional ou importado, s\u00f3 poder\u00e1 ser posto \u00e0 venda ou utilizado com a indica\u00e7\u00e3o do C.A. \u2013 Certificado [&hellip;]<\/p>\n","protected":false},"author":1,"featured_media":0,"parent":0,"menu_order":0,"comment_status":"closed","ping_status":"closed","template":"","meta":{"om_disable_all_campaigns":false,"_uf_show_specific_survey":0,"_uf_disable_surveys":false,"footnotes":""},"aioseo_notices":[],"_links":{"self":[{"href":"https:\/\/conceitoservico.com.br\/index.php?rest_route=\/wp\/v2\/pages\/142"}],"collection":[{"href":"https:\/\/conceitoservico.com.br\/index.php?rest_route=\/wp\/v2\/pages"}],"about":[{"href":"https:\/\/conceitoservico.com.br\/index.php?rest_route=\/wp\/v2\/types\/page"}],"author":[{"embeddable":true,"href":"https:\/\/conceitoservico.com.br\/index.php?rest_route=\/wp\/v2\/users\/1"}],"replies":[{"embeddable":true,"href":"https:\/\/conceitoservico.com.br\/index.php?rest_route=%2Fwp%2Fv2%2Fcomments&post=142"}],"version-history":[{"count":4,"href":"https:\/\/conceitoservico.com.br\/index.php?rest_route=\/wp\/v2\/pages\/142\/revisions"}],"predecessor-version":[{"id":258,"href":"https:\/\/conceitoservico.com.br\/index.php?rest_route=\/wp\/v2\/pages\/142\/revisions\/258"}],"wp:attachment":[{"href":"https:\/\/conceitoservico.com.br\/index.php?rest_route=%2Fwp%2Fv2%2Fmedia&parent=142"}],"curies":[{"name":"wp","href":"https:\/\/api.w.org\/{rel}","templated":true}]}}