{"id":148,"date":"2023-05-20T14:34:25","date_gmt":"2023-05-20T17:34:25","guid":{"rendered":"https:\/\/conceitoservico.com.br\/?page_id=148"},"modified":"2023-06-05T21:46:10","modified_gmt":"2023-06-06T00:46:10","slug":"nr-10-basico-formacao-e-reciclagem","status":"publish","type":"page","link":"https:\/\/conceitoservico.com.br\/?page_id=148","title":{"rendered":"NR 10 \u2013 B\u00e1sico Forma\u00e7\u00e3o e Reciclagem"},"content":{"rendered":"\n<h5 class=\"wp-block-heading has-text-align-center margin-bottom: 5px;\">As atividades de trabalho que produzem exposi\u00e7\u00e3o de profissionais ao risco de choques el\u00e9tricos e outros acidentes derivados da eletricidade em instala\u00e7\u00f5es energizadas devem ser associadas \u00e0 medidas de preven\u00e7\u00e3o e seguran\u00e7a. <\/h5>\n\n\n\n<h5 class=\"wp-block-heading has-text-align-center\">De acordo com as caracter\u00edsticas do risco, da \u00e1rea\/setor de elencados em an\u00e1lises operacionais, devem ser estabelecidos requisitos m\u00ednimos para garantia da prote\u00e7\u00e3o da sa\u00fade e integridade dos trabalhadores que interajam direta e indiretamente nas atividades com instala\u00e7\u00f5es el\u00e9tricas energizadas. <\/h5>\n\n\n\n<h5 class=\"wp-block-heading has-text-align-center\">A Norma Regulamentadora 10 cont\u00e9m os requisitos e condi\u00e7\u00f5es m\u00ednimas para realiza\u00e7\u00e3o do trabalho seguro nas opera\u00e7\u00f5es que envolvam energia el\u00e9trica. Este curso apresenta de forma pr\u00e1tica quais s\u00e3o os tipos de servi\u00e7os em eletricidade, as medidas de prote\u00e7\u00e3o coletivas e individuais, al\u00e9m de par\u00e2metros para estabelecer n\u00edveis de seguran\u00e7a, procedimentos de trabalho e orienta\u00e7\u00f5es para situa\u00e7\u00f5es de emerg\u00eancia.<\/h5>\n\n\n\n<hr class=\"wp-block-separator has-alpha-channel-opacity\"\/>\n\n\n\n<ol>\n<li> Introdu\u00e7\u00e3o <\/li>\n                <li> Norma Regulamentadora 10 <\/li>\n                <li> Legisla\u00e7\u00e3o Vigente <\/li>\n                <li> Qualifica\u00e7\u00e3o, Habilita\u00e7\u00e3o, Capacita\u00e7\u00e3o E Autoriza\u00e7\u00e3o <\/li>\n                <li> Riscos Ocupacionais <\/li>\n                <li> Acidentes Tipicos nos Servi\u00e7os com Elericidade <\/li>\n                <li> Riscos nos Servi\u00e7os com Eletricidade <\/li>\n                <li> Ricos Adicionais <\/li>\n                <li> Medidas de Controle <\/li>\n                <li> Medidas de Prote\u00e7\u00e3o contra Eletricidade <\/li>\n                <li> Equipamento de Prote\u00e7\u00e3o Individual- EPI <\/li>\n                <li> An\u00e1lise de Risco- AR <\/li>\n                <li> Procedimentos de Trabalho <\/li>\n                <li> Refer\u00eancias Bibliogr\u00e1ficas <\/li>\n<\/ol>\n\n\n\n<div class=\"wp-block-buttons is-content-justification-right is-layout-flex wp-container-core-buttons-layout-1 wp-block-buttons-is-layout-flex\">\n<div class=\"wp-block-button\"><a class=\"wp-block-button__link wp-element-button\" href=\"https:\/\/conceitoservico.com.br\/?page_id=237\">Inscrever-se<\/a><\/div>\n<\/div>\n","protected":false},"excerpt":{"rendered":"<p>As atividades de trabalho que produzem exposi\u00e7\u00e3o de profissionais ao risco de choques el\u00e9tricos e outros acidentes derivados da eletricidade em instala\u00e7\u00f5es energizadas devem ser associadas \u00e0 medidas de preven\u00e7\u00e3o e seguran\u00e7a. De acordo com as caracter\u00edsticas do risco, da \u00e1rea\/setor de elencados em an\u00e1lises operacionais, devem ser estabelecidos requisitos m\u00ednimos para garantia da prote\u00e7\u00e3o [&hellip;]<\/p>\n","protected":false},"author":1,"featured_media":0,"parent":0,"menu_order":0,"comment_status":"closed","ping_status":"closed","template":"","meta":{"om_disable_all_campaigns":false,"_uf_show_specific_survey":0,"_uf_disable_surveys":false,"footnotes":""},"aioseo_notices":[],"_links":{"self":[{"href":"https:\/\/conceitoservico.com.br\/index.php?rest_route=\/wp\/v2\/pages\/148"}],"collection":[{"href":"https:\/\/conceitoservico.com.br\/index.php?rest_route=\/wp\/v2\/pages"}],"about":[{"href":"https:\/\/conceitoservico.com.br\/index.php?rest_route=\/wp\/v2\/types\/page"}],"author":[{"embeddable":true,"href":"https:\/\/conceitoservico.com.br\/index.php?rest_route=\/wp\/v2\/users\/1"}],"replies":[{"embeddable":true,"href":"https:\/\/conceitoservico.com.br\/index.php?rest_route=%2Fwp%2Fv2%2Fcomments&post=148"}],"version-history":[{"count":6,"href":"https:\/\/conceitoservico.com.br\/index.php?rest_route=\/wp\/v2\/pages\/148\/revisions"}],"predecessor-version":[{"id":246,"href":"https:\/\/conceitoservico.com.br\/index.php?rest_route=\/wp\/v2\/pages\/148\/revisions\/246"}],"wp:attachment":[{"href":"https:\/\/conceitoservico.com.br\/index.php?rest_route=%2Fwp%2Fv2%2Fmedia&parent=148"}],"curies":[{"name":"wp","href":"https:\/\/api.w.org\/{rel}","templated":true}]}}