{"id":158,"date":"2023-05-20T14:45:26","date_gmt":"2023-05-20T17:45:26","guid":{"rendered":"https:\/\/conceitoservico.com.br\/?page_id=158"},"modified":"2023-06-05T21:48:27","modified_gmt":"2023-06-06T00:48:27","slug":"nr-10-sep-formacao-e-reciclagem","status":"publish","type":"page","link":"https:\/\/conceitoservico.com.br\/?page_id=158","title":{"rendered":"NR 10 \u2013 SEP Forma\u00e7\u00e3o e Reciclagem"},"content":{"rendered":"\n<h5 class=\"wp-block-heading has-text-align-center\">A energia el\u00e9trica que alimenta as ind\u00fastrias, com\u00e9rcio e nossos lares \u00e9 gerada principalmente em usinas hidrel\u00e9tricas, onde a passagem da \u00e1gua por turbinas geradoras transformam a energia mec\u00e2nica, originada pela queda de \u00e1gua, em energia el\u00e9trica.<\/h5>\n\n\n\n<hr class=\"wp-block-separator has-alpha-channel-opacity\"\/>\n\n\n\n<ol><\/ol>\n\n\n\n<div class=\"wp-block-buttons is-content-justification-right is-layout-flex wp-container-core-buttons-layout-1 wp-block-buttons-is-layout-flex\">\n<div class=\"wp-block-button\"><a class=\"wp-block-button__link wp-element-button\" href=\"https:\/\/conceitoservico.com.br\/?page_id=237\">Inscrever-se<\/a><\/div>\n<\/div>\n","protected":false},"excerpt":{"rendered":"<p>A energia el\u00e9trica que alimenta as ind\u00fastrias, com\u00e9rcio e nossos lares \u00e9 gerada principalmente em usinas hidrel\u00e9tricas, onde a passagem da \u00e1gua por turbinas geradoras transformam a energia mec\u00e2nica, originada pela queda de \u00e1gua, em energia el\u00e9trica.<\/p>\n","protected":false},"author":1,"featured_media":0,"parent":0,"menu_order":0,"comment_status":"closed","ping_status":"closed","template":"","meta":{"om_disable_all_campaigns":false,"_uf_show_specific_survey":0,"_uf_disable_surveys":false,"footnotes":""},"aioseo_notices":[],"_links":{"self":[{"href":"https:\/\/conceitoservico.com.br\/index.php?rest_route=\/wp\/v2\/pages\/158"}],"collection":[{"href":"https:\/\/conceitoservico.com.br\/index.php?rest_route=\/wp\/v2\/pages"}],"about":[{"href":"https:\/\/conceitoservico.com.br\/index.php?rest_route=\/wp\/v2\/types\/page"}],"author":[{"embeddable":true,"href":"https:\/\/conceitoservico.com.br\/index.php?rest_route=\/wp\/v2\/users\/1"}],"replies":[{"embeddable":true,"href":"https:\/\/conceitoservico.com.br\/index.php?rest_route=%2Fwp%2Fv2%2Fcomments&post=158"}],"version-history":[{"count":5,"href":"https:\/\/conceitoservico.com.br\/index.php?rest_route=\/wp\/v2\/pages\/158\/revisions"}],"predecessor-version":[{"id":247,"href":"https:\/\/conceitoservico.com.br\/index.php?rest_route=\/wp\/v2\/pages\/158\/revisions\/247"}],"wp:attachment":[{"href":"https:\/\/conceitoservico.com.br\/index.php?rest_route=%2Fwp%2Fv2%2Fmedia&parent=158"}],"curies":[{"name":"wp","href":"https:\/\/api.w.org\/{rel}","templated":true}]}}