{"id":165,"date":"2023-05-20T14:51:38","date_gmt":"2023-05-20T17:51:38","guid":{"rendered":"https:\/\/conceitoservico.com.br\/?page_id=165"},"modified":"2023-06-05T21:54:36","modified_gmt":"2023-06-06T00:54:36","slug":"nr-11-operador-de-ponte-rolante","status":"publish","type":"page","link":"https:\/\/conceitoservico.com.br\/?page_id=165","title":{"rendered":"NR-11 Operador de Ponte Rolante"},"content":{"rendered":"\n<h5 class=\"wp-block-heading has-text-align-center\">Tem o objetivo de fornecer instru\u00e7\u00f5es e procedimentos ou aluno para operar a plataforma elevat\u00f3ria com seguran\u00e7a e efici\u00eancia, de forma a evitar acidentes e preservar as boas condi\u00e7\u00f5es do equipamento e produzir satisfatoriamente as necessidades do mercado.<\/h5>\n\n\n\n<hr class=\"wp-block-separator has-alpha-channel-opacity\"\/>\n\n\n\n<ol><\/ol>\n\n\n\n<div class=\"wp-block-buttons is-content-justification-right is-layout-flex wp-container-core-buttons-layout-1 wp-block-buttons-is-layout-flex\">\n<div class=\"wp-block-button\"><a class=\"wp-block-button__link wp-element-button\" href=\"https:\/\/conceitoservico.com.br\/?page_id=237\">Inscrever-se<\/a><\/div>\n<\/div>\n","protected":false},"excerpt":{"rendered":"<p>Tem o objetivo de fornecer instru\u00e7\u00f5es e procedimentos ou aluno para operar a plataforma elevat\u00f3ria com seguran\u00e7a e efici\u00eancia, de forma a evitar acidentes e preservar as boas condi\u00e7\u00f5es do equipamento e produzir satisfatoriamente as necessidades do mercado.<\/p>\n","protected":false},"author":1,"featured_media":0,"parent":0,"menu_order":0,"comment_status":"closed","ping_status":"closed","template":"","meta":{"om_disable_all_campaigns":false,"_uf_show_specific_survey":0,"_uf_disable_surveys":false,"footnotes":""},"aioseo_notices":[],"_links":{"self":[{"href":"https:\/\/conceitoservico.com.br\/index.php?rest_route=\/wp\/v2\/pages\/165"}],"collection":[{"href":"https:\/\/conceitoservico.com.br\/index.php?rest_route=\/wp\/v2\/pages"}],"about":[{"href":"https:\/\/conceitoservico.com.br\/index.php?rest_route=\/wp\/v2\/types\/page"}],"author":[{"embeddable":true,"href":"https:\/\/conceitoservico.com.br\/index.php?rest_route=\/wp\/v2\/users\/1"}],"replies":[{"embeddable":true,"href":"https:\/\/conceitoservico.com.br\/index.php?rest_route=%2Fwp%2Fv2%2Fcomments&post=165"}],"version-history":[{"count":4,"href":"https:\/\/conceitoservico.com.br\/index.php?rest_route=\/wp\/v2\/pages\/165\/revisions"}],"predecessor-version":[{"id":260,"href":"https:\/\/conceitoservico.com.br\/index.php?rest_route=\/wp\/v2\/pages\/165\/revisions\/260"}],"wp:attachment":[{"href":"https:\/\/conceitoservico.com.br\/index.php?rest_route=%2Fwp%2Fv2%2Fmedia&parent=165"}],"curies":[{"name":"wp","href":"https:\/\/api.w.org\/{rel}","templated":true}]}}