{"id":176,"date":"2023-05-20T15:03:05","date_gmt":"2023-05-20T18:03:05","guid":{"rendered":"https:\/\/conceitoservico.com.br\/?page_id=176"},"modified":"2023-06-05T21:54:00","modified_gmt":"2023-06-06T00:54:00","slug":"nr-11-operador-de-plataforma-elevatoria","status":"publish","type":"page","link":"https:\/\/conceitoservico.com.br\/?page_id=176","title":{"rendered":"NR-11 Operador de Plataforma Elevat\u00f3ria"},"content":{"rendered":"\n<h5 class=\"wp-block-heading has-text-align-center\">Tem o objetivo de fornecer instru\u00e7\u00f5es e procedimentos ou aluno para operar a plataforma elevat\u00f3ria com seguran\u00e7a e efici\u00eancia, de forma a evitar acidentes e preservar as boas condi\u00e7\u00f5es do equipamento e produzir satisfatoriamente as necessidades do mercado<\/h5>\n\n\n\n<hr class=\"wp-block-separator has-alpha-channel-opacity\"\/>\n\n\n\n<ol>\n                <li> Introdu\u00e7\u00e3o <\/li>\n                <li> Norma Regulamentadora 11 <\/li>\n                <li> Tipos de Plataformas Elevat\u00f3rias <\/li>\n                <li> Par\u00e2metros NR 18 <\/li>\n                <li> Acidente de Trabalho <\/li>\n                <li> Prescri\u00e7\u00e3o para Utiliza\u00e7\u00e3o <\/li>\n                <li> Opera\u00e7\u00e3o Segura <\/li>\n                <li> Regras e Seguran\u00e7a <\/li>\n                <li> Inspe\u00e7\u00e3o de Seguran\u00e7a <\/li>\n                <li> No\u00e7\u00f5es sobre Indicadores do Painel Maquin\u00e1rio <\/li>\n                <li> Medidas de Controle <\/li>\n                <li> Equipamento de Prote\u00e7\u00e3o Coletiva <\/li>\n                <li> Medidas Administrativas <\/li>\n                <li> Medidas Psicol\u00f3gicas <\/li>\n                <li> Medidas M\u00e9dicas <\/li>\n                <li> Equipamento de Prote\u00e7\u00e3o Individual- EPI <\/li> \n                <li> Epi Utilizado para o Trabalho em Portu\u00e1rio <\/li>\n                <li> Prote\u00e7\u00e3o da Cabe\u00e7a <\/li>\n                <li> Prote\u00e7\u00e3o dos Olhos e Face <\/li>\n                <li> Prote\u00e7\u00e3o Auditiva <\/li>\n                <li> Prote\u00e7\u00e3o das Vias Respirat\u00f3rias <\/li>\n                <li> Prote\u00e7\u00e3o dos Membros Superiores <\/li>\n                <li> Prote\u00e7\u00e3o dos Membros Inferiores <\/li>\n                <li> Preven\u00e7\u00e3o e Combate a Inc\u00eandio <\/li>\n                <li> Refer\u00eancias Bibliogr\u00e1ficas <\/li>\n            <\/ol>\n\n\n\n<div class=\"wp-block-buttons is-content-justification-right is-layout-flex wp-container-core-buttons-layout-1 wp-block-buttons-is-layout-flex\">\n<div class=\"wp-block-button\"><a class=\"wp-block-button__link has-text-align-center wp-element-button\" href=\"https:\/\/conceitoservico.com.br\/?page_id=237\">Inscrever-se<\/a><\/div>\n<\/div>\n","protected":false},"excerpt":{"rendered":"<p>Tem o objetivo de fornecer instru\u00e7\u00f5es e procedimentos ou aluno para operar a plataforma elevat\u00f3ria com seguran\u00e7a e efici\u00eancia, de forma a evitar acidentes e preservar as boas condi\u00e7\u00f5es do equipamento e produzir satisfatoriamente as necessidades do mercado Introdu\u00e7\u00e3o Norma Regulamentadora 11 Tipos de Plataformas Elevat\u00f3rias Par\u00e2metros NR 18 Acidente de Trabalho Prescri\u00e7\u00e3o para Utiliza\u00e7\u00e3o [&hellip;]<\/p>\n","protected":false},"author":1,"featured_media":0,"parent":0,"menu_order":0,"comment_status":"closed","ping_status":"closed","template":"","meta":{"om_disable_all_campaigns":false,"_uf_show_specific_survey":0,"_uf_disable_surveys":false,"footnotes":""},"aioseo_notices":[],"_links":{"self":[{"href":"https:\/\/conceitoservico.com.br\/index.php?rest_route=\/wp\/v2\/pages\/176"}],"collection":[{"href":"https:\/\/conceitoservico.com.br\/index.php?rest_route=\/wp\/v2\/pages"}],"about":[{"href":"https:\/\/conceitoservico.com.br\/index.php?rest_route=\/wp\/v2\/types\/page"}],"author":[{"embeddable":true,"href":"https:\/\/conceitoservico.com.br\/index.php?rest_route=\/wp\/v2\/users\/1"}],"replies":[{"embeddable":true,"href":"https:\/\/conceitoservico.com.br\/index.php?rest_route=%2Fwp%2Fv2%2Fcomments&post=176"}],"version-history":[{"count":2,"href":"https:\/\/conceitoservico.com.br\/index.php?rest_route=\/wp\/v2\/pages\/176\/revisions"}],"predecessor-version":[{"id":259,"href":"https:\/\/conceitoservico.com.br\/index.php?rest_route=\/wp\/v2\/pages\/176\/revisions\/259"}],"wp:attachment":[{"href":"https:\/\/conceitoservico.com.br\/index.php?rest_route=%2Fwp%2Fv2%2Fmedia&parent=176"}],"curies":[{"name":"wp","href":"https:\/\/api.w.org\/{rel}","templated":true}]}}