{"id":183,"date":"2023-05-20T15:12:43","date_gmt":"2023-05-20T18:12:43","guid":{"rendered":"https:\/\/conceitoservico.com.br\/?page_id=183"},"modified":"2023-06-05T21:49:39","modified_gmt":"2023-06-06T00:49:39","slug":"nr-12-seguranca-no-trabalho-em-maquinas-e-equipamentos","status":"publish","type":"page","link":"https:\/\/conceitoservico.com.br\/?page_id=183","title":{"rendered":"NR 12- Seguran\u00e7a no Trabalho em M\u00e1quinas e Equipamentos"},"content":{"rendered":"\n<h5 class=\"wp-block-heading has-text-align-center\">&nbsp;A NR 12 definem refer\u00eancias t\u00e9cnicas, princ\u00edpios fundamentais e medidas de prote\u00e7\u00e3o para resguardar a sa\u00fade e a integridade f\u00edsica dos trabalhadores e estabelece requisitos m\u00ednimos para a preven\u00e7\u00e3o de acidentes e doen\u00e7as do trabalho.<\/h5>\n\n\n\n<h5 class=\"wp-block-heading has-text-align-center\">&nbsp; A NR 12 se aplica ao trabalho, na propriedade, com as m\u00e1quinas e os equipamentos, desde o transporte, a montagem, a instala\u00e7\u00e3o, o ajuste, a opera\u00e7\u00e3o, a limpeza at\u00e9 a manuten\u00e7\u00e3o, a inspe\u00e7\u00e3o, a desativa\u00e7\u00e3o e o seu desmonte, sempre buscando:<\/h5>\n\n\n\n<h5 class=\"wp-block-heading\">&nbsp; &nbsp; &nbsp; &nbsp; &nbsp; &nbsp; &nbsp; &nbsp; \u2022 Garantir a opera\u00e7\u00e3o segura dos equipamentos;<\/h5>\n\n\n\n<h5 class=\"wp-block-heading\">&nbsp; &nbsp; &nbsp; &nbsp; &nbsp; &nbsp; &nbsp; &nbsp; \u2022 Reduzir a probabilidade de ocorr\u00eancia de acidentes;<\/h5>\n\n\n\n<h5 class=\"wp-block-heading\">&nbsp; &nbsp; &nbsp; &nbsp; &nbsp; &nbsp; &nbsp; &nbsp; \u2022 Garantir a preserva\u00e7\u00e3o da sa\u00fade e integridade f\u00edsica dos trabalhadores;<\/h5>\n\n\n\n<h5 class=\"wp-block-heading\">&nbsp; &nbsp; &nbsp; &nbsp; &nbsp; &nbsp; &nbsp; &nbsp; \u2022 Reduzir os gastos com acidentes e incidentes;<\/h5>\n\n\n\n<h5 class=\"wp-block-heading\">&nbsp; &nbsp; &nbsp; &nbsp; &nbsp; &nbsp; &nbsp; &nbsp; \u2022 Preservar o meio ambiente<\/h5>\n\n\n\n<hr class=\"wp-block-separator has-alpha-channel-opacity\"\/>\n\n\n\n<ol>\n                <li> Introdu\u00e7\u00e3o <\/li>\n                <li> Instala\u00e7\u00f5es Necess\u00e1rias para M\u00e1quinas e Equipamentos <\/li>\n                <li> Estabilidade e a Fixa\u00e7\u00e3o das M\u00e1quinas <\/li>\n                <li> Dispositivos de Partida, Acionamento e Parada <\/li>\n                <li> Cuidados em Opera\u00e7\u00f5es <\/li>\n                <li> Refer\u00eancias Bibliogr\u00e1ficas <\/li>\n            <\/ol>\n\n\n\n<div class=\"wp-block-buttons is-content-justification-right is-layout-flex wp-container-core-buttons-layout-1 wp-block-buttons-is-layout-flex\">\n<div class=\"wp-block-button\"><a class=\"wp-block-button__link wp-element-button\" href=\"https:\/\/conceitoservico.com.br\/?page_id=237\">Inscrever-se<\/a><\/div>\n<\/div>\n","protected":false},"excerpt":{"rendered":"<p>&nbsp;A NR 12 definem refer\u00eancias t\u00e9cnicas, princ\u00edpios fundamentais e medidas de prote\u00e7\u00e3o para resguardar a sa\u00fade e a integridade f\u00edsica dos trabalhadores e estabelece requisitos m\u00ednimos para a preven\u00e7\u00e3o de acidentes e doen\u00e7as do trabalho. &nbsp; A NR 12 se aplica ao trabalho, na propriedade, com as m\u00e1quinas e os equipamentos, desde o transporte, a [&hellip;]<\/p>\n","protected":false},"author":1,"featured_media":0,"parent":0,"menu_order":0,"comment_status":"closed","ping_status":"closed","template":"","meta":{"om_disable_all_campaigns":false,"_uf_show_specific_survey":0,"_uf_disable_surveys":false,"footnotes":""},"aioseo_notices":[],"_links":{"self":[{"href":"https:\/\/conceitoservico.com.br\/index.php?rest_route=\/wp\/v2\/pages\/183"}],"collection":[{"href":"https:\/\/conceitoservico.com.br\/index.php?rest_route=\/wp\/v2\/pages"}],"about":[{"href":"https:\/\/conceitoservico.com.br\/index.php?rest_route=\/wp\/v2\/types\/page"}],"author":[{"embeddable":true,"href":"https:\/\/conceitoservico.com.br\/index.php?rest_route=\/wp\/v2\/users\/1"}],"replies":[{"embeddable":true,"href":"https:\/\/conceitoservico.com.br\/index.php?rest_route=%2Fwp%2Fv2%2Fcomments&post=183"}],"version-history":[{"count":2,"href":"https:\/\/conceitoservico.com.br\/index.php?rest_route=\/wp\/v2\/pages\/183\/revisions"}],"predecessor-version":[{"id":249,"href":"https:\/\/conceitoservico.com.br\/index.php?rest_route=\/wp\/v2\/pages\/183\/revisions\/249"}],"wp:attachment":[{"href":"https:\/\/conceitoservico.com.br\/index.php?rest_route=%2Fwp%2Fv2%2Fmedia&parent=183"}],"curies":[{"name":"wp","href":"https:\/\/api.w.org\/{rel}","templated":true}]}}