{"id":186,"date":"2023-05-20T15:16:04","date_gmt":"2023-05-20T18:16:04","guid":{"rendered":"https:\/\/conceitoservico.com.br\/?page_id=186"},"modified":"2023-06-05T21:50:04","modified_gmt":"2023-06-06T00:50:04","slug":"nr-17-ergonomia-para-areas-administrativas","status":"publish","type":"page","link":"https:\/\/conceitoservico.com.br\/?page_id=186","title":{"rendered":"NR 17- Ergonomia para \u00c1reas Administrativas"},"content":{"rendered":"\n<h5 class=\"wp-block-heading\">&nbsp;&#8211; Originada do grego. Ergon: Trabalho; Nomos: Lei. Assim, \u201cLei do Trabalho\u201d<\/h5>\n\n\n\n<h5 class=\"wp-block-heading\">&#8211; A norma ISO 9241 diz que: \u201cA ergonomia \u00e9 a qualidade da adapta\u00e7\u00e3o de um dispositivo a seu operador e \u00e0 tarefa que ele realiza.\u201d<\/h5>\n\n\n\n<h5 class=\"wp-block-heading\">&#8211; A NR 17 trata sobre os requisitos m\u00ednimos para um trabalho ergonomicamente correto.<\/h5>\n\n\n\n<hr class=\"wp-block-separator has-alpha-channel-opacity\"\/>\n\n\n\n<ol>\n                <li> O Que \u00e9 Ergonomia <\/li>\n                <li> Norma Regulamentadora N\u00b0 17 <\/li>\n                <li> Riscos Ocupacionais <\/li>\n                <li> Medidas Administrativas <\/li>\n                <li> Medidas Educativas <\/li>\n                <li> Medidas Psicol\u00f3gicas <\/li>\n                <li> O Que \u00e9 Posto de Trabalho? <\/li>\n                <li> Trabalho em Home Office <\/li>\n                <li> Recomenda\u00e7\u00f5es Ergon\u00f4micas <\/li>\n                <li> Dicas e Ginastica Laboral <\/li>\n                <li> Danos Causados pelo Esfor\u00e7o Repetitivo e pela M\u00e1 Postura <\/li>\n                <li> Tipos de Gin\u00e1stica Laboral <\/li>\n                <li> Papel Preventivo <\/li>\n                <li> Papel Corretivo <\/li>\n                <li> Quais os Benef\u00edcios em Aplicar a Gin\u00e1stica Laboral? <\/li>\n                <li> Agora vamos Praticar a Gin\u00e1stica Laboral <\/li>\n                <li> Refer\u00eancias Bibliogr\u00e1ficas <\/li>\n            <\/ol>\n\n\n\n<div class=\"wp-block-buttons is-content-justification-right is-layout-flex wp-container-core-buttons-layout-1 wp-block-buttons-is-layout-flex\">\n<div class=\"wp-block-button\"><a class=\"wp-block-button__link wp-element-button\" href=\"https:\/\/conceitoservico.com.br\/?page_id=237\">Inscrever-se<\/a><\/div>\n<\/div>\n","protected":false},"excerpt":{"rendered":"<p>&nbsp;&#8211; Originada do grego. Ergon: Trabalho; Nomos: Lei. Assim, \u201cLei do Trabalho\u201d &#8211; A norma ISO 9241 diz que: \u201cA ergonomia \u00e9 a qualidade da adapta\u00e7\u00e3o de um dispositivo a seu operador e \u00e0 tarefa que ele realiza.\u201d &#8211; A NR 17 trata sobre os requisitos m\u00ednimos para um trabalho ergonomicamente correto. O Que \u00e9 [&hellip;]<\/p>\n","protected":false},"author":1,"featured_media":0,"parent":0,"menu_order":0,"comment_status":"closed","ping_status":"closed","template":"","meta":{"om_disable_all_campaigns":false,"_uf_show_specific_survey":0,"_uf_disable_surveys":false,"footnotes":""},"aioseo_notices":[],"_links":{"self":[{"href":"https:\/\/conceitoservico.com.br\/index.php?rest_route=\/wp\/v2\/pages\/186"}],"collection":[{"href":"https:\/\/conceitoservico.com.br\/index.php?rest_route=\/wp\/v2\/pages"}],"about":[{"href":"https:\/\/conceitoservico.com.br\/index.php?rest_route=\/wp\/v2\/types\/page"}],"author":[{"embeddable":true,"href":"https:\/\/conceitoservico.com.br\/index.php?rest_route=\/wp\/v2\/users\/1"}],"replies":[{"embeddable":true,"href":"https:\/\/conceitoservico.com.br\/index.php?rest_route=%2Fwp%2Fv2%2Fcomments&post=186"}],"version-history":[{"count":2,"href":"https:\/\/conceitoservico.com.br\/index.php?rest_route=\/wp\/v2\/pages\/186\/revisions"}],"predecessor-version":[{"id":250,"href":"https:\/\/conceitoservico.com.br\/index.php?rest_route=\/wp\/v2\/pages\/186\/revisions\/250"}],"wp:attachment":[{"href":"https:\/\/conceitoservico.com.br\/index.php?rest_route=%2Fwp%2Fv2%2Fmedia&parent=186"}],"curies":[{"name":"wp","href":"https:\/\/api.w.org\/{rel}","templated":true}]}}