{"id":194,"date":"2023-05-20T16:19:27","date_gmt":"2023-05-20T19:19:27","guid":{"rendered":"https:\/\/conceitoservico.com.br\/?page_id=194"},"modified":"2023-06-05T21:50:33","modified_gmt":"2023-06-06T00:50:33","slug":"nr-20-inflamaveis-e-combustiveis-avancado-i","status":"publish","type":"page","link":"https:\/\/conceitoservico.com.br\/?page_id=194","title":{"rendered":"NR 20- Inflam\u00e1veis e Combust\u00edveis &#8211; Avan\u00e7ado I"},"content":{"rendered":"\n<h5 class=\"wp-block-heading has-text-align-center\">\u00c9 a temperatura m\u00ednima na qual a subst\u00e2ncia come\u00e7a a liberar vapores inflam\u00e1veis. Por exemplo: o ponto de fulgor que do \u00e1lcool et\u00edlico \u00e9 aproximadamente 13\u00b0C, sendo um valor baixo. J\u00e1 o da madeira \u00e9 150\u00b0C, necessitando muito calor para gerar essa temperatura, que ir\u00e1 liberar gases.<\/h5>\n\n\n\n<hr class=\"wp-block-separator has-alpha-channel-opacity\"\/>\n\n\n\n<ol>\n                <li> Inflam\u00e1veis <\/li>\n                <li> Medidas de Controle<\/li>\n                <li> Equipamento de Prote\u00e7\u00e3o Coletiva <\/li>\n                <li> Medidas Administrativas <\/li>\n                <li> Medidas M\u00e9dicas <\/li>\n                <li> Medidas Educativas <\/li>\n                <li> Medidas Psicol\u00f3gicas <\/li>\n                <li> Equipamento de Prote\u00e7\u00e3o Individual- EPI <\/li>\n                <li> Prote\u00e7\u00e3o da Cabe\u00e7a <\/li>\n                <li> Prote\u00e7\u00e3o dos Olhos e Face <\/li>\n                <li> Prote\u00e7\u00e3o Auditiva <\/li>\n                <li> Prote\u00e7\u00e3o das Vias Respirat\u00f3rias <\/li>\n                <li> Prote\u00e7\u00e3o do Tronco <\/li>\n                <li> Prote\u00e7\u00e3o dos Membros Superiores <\/li>\n                <li> Prote\u00e7\u00e3o dos Membros Inferiores <\/li>\n                <li> Prote\u00e7\u00e3o de Corpo Inteiro <\/li>\n                <li> Prote\u00e7\u00e3o contra Quedas com Diferen\u00e7a de N\u00edvel <\/li>\n                <li> Fontes de Igni\u00e7\u00e3o <\/li>\n                <li> Prote\u00e7\u00e3o contra Inc\u00eandio com Inflam\u00e1veis <\/li>\n                <li> Conceitos B\u00e1sicos <\/li>\n                <li> Elementos de Comportamento do Fogo <\/li>\n                <li> Pontos de Fulgor <\/li>\n                <li> Transfer\u00eancia de Calor <\/li>\n                <li> Classes de Inc\u00eandio <\/li>\n                <li> Aparelhos Extintores <\/li>\n                <li> Dimensionamento <\/li>\n                <li> Manuten\u00e7\u00e3o <\/li>\n                <li> Capacidade Extintora <\/li>\n                <li> Equipamento de Combate a Inc\u00eandio <\/li>\n                <li> Recomenda\u00e7\u00f5es <\/li>\n                <li> Componentes Hidr\u00e1ulicos- Preventivos Fixo <\/li>\n                <li> Equipamentos de Combate a Inc\u00eandios <\/li>\n                <li> Hidrantes <\/li>\n                <li> Defini\u00e7\u00f5es <\/li>\n                <li> Equipamentos Passivos e Ativos de Combate \u00e1 Inc\u00eandio <\/li>\n                <li> Sinaliza\u00e7\u00f5es <\/li>\n                <li> Din\u00e2mica do Inc\u00eandio e Comportamentos Extremos <\/li>\n                <li> Comportamentos Extremos do Fogo <\/li>\n                <li> Efeitos Nocivos do Inc\u00eandio <\/li>\n                <li> Temperatura Elevada <\/li>\n                <li> Part\u00edculas Encontradas na Fuma\u00e7a <\/li>\n                <li> Efeitos <\/li>\n                <li> Procedimentos e Formas de Abandono de \u00c1rea <\/li>\n                <li> Procedimentos em Situa\u00e7\u00f5es de Emerg\u00eancia com Inflam\u00e1veis <\/li>\n                <li> Estudo da Norma Regulamentadora N\u00b0 20 <\/li>\n                <li> Permiss\u00e3o para Trabalho com Inflam\u00e1veis <\/li>\n                <li> O Que \u00e9 Metodologia de An\u00e1lise de Risco? <\/li>\n                <li> Refer\u00eancias Bibliogr\u00e1ficas <\/li>\n            <\/ol>\n\n\n\n<div class=\"wp-block-buttons is-content-justification-right is-layout-flex wp-container-core-buttons-layout-1 wp-block-buttons-is-layout-flex\">\n<div class=\"wp-block-button\"><a class=\"wp-block-button__link wp-element-button\" href=\"https:\/\/conceitoservico.com.br\/?page_id=237\">Inscrever-se<\/a><\/div>\n<\/div>\n","protected":false},"excerpt":{"rendered":"<p>\u00c9 a temperatura m\u00ednima na qual a subst\u00e2ncia come\u00e7a a liberar vapores inflam\u00e1veis. Por exemplo: o ponto de fulgor que do \u00e1lcool et\u00edlico \u00e9 aproximadamente 13\u00b0C, sendo um valor baixo. J\u00e1 o da madeira \u00e9 150\u00b0C, necessitando muito calor para gerar essa temperatura, que ir\u00e1 liberar gases. Inflam\u00e1veis Medidas de Controle Equipamento de Prote\u00e7\u00e3o Coletiva [&hellip;]<\/p>\n","protected":false},"author":1,"featured_media":0,"parent":0,"menu_order":0,"comment_status":"closed","ping_status":"closed","template":"","meta":{"om_disable_all_campaigns":false,"_uf_show_specific_survey":0,"_uf_disable_surveys":false,"footnotes":""},"aioseo_notices":[],"_links":{"self":[{"href":"https:\/\/conceitoservico.com.br\/index.php?rest_route=\/wp\/v2\/pages\/194"}],"collection":[{"href":"https:\/\/conceitoservico.com.br\/index.php?rest_route=\/wp\/v2\/pages"}],"about":[{"href":"https:\/\/conceitoservico.com.br\/index.php?rest_route=\/wp\/v2\/types\/page"}],"author":[{"embeddable":true,"href":"https:\/\/conceitoservico.com.br\/index.php?rest_route=\/wp\/v2\/users\/1"}],"replies":[{"embeddable":true,"href":"https:\/\/conceitoservico.com.br\/index.php?rest_route=%2Fwp%2Fv2%2Fcomments&post=194"}],"version-history":[{"count":2,"href":"https:\/\/conceitoservico.com.br\/index.php?rest_route=\/wp\/v2\/pages\/194\/revisions"}],"predecessor-version":[{"id":251,"href":"https:\/\/conceitoservico.com.br\/index.php?rest_route=\/wp\/v2\/pages\/194\/revisions\/251"}],"wp:attachment":[{"href":"https:\/\/conceitoservico.com.br\/index.php?rest_route=%2Fwp%2Fv2%2Fmedia&parent=194"}],"curies":[{"name":"wp","href":"https:\/\/api.w.org\/{rel}","templated":true}]}}