{"id":2,"date":"2023-05-13T19:21:50","date_gmt":"2023-05-13T22:21:50","guid":{"rendered":"http:\/\/conceitoservico.com.br\/?page_id=2"},"modified":"2023-08-28T13:36:19","modified_gmt":"2023-08-28T16:36:19","slug":"pagina-exemplo","status":"publish","type":"page","link":"https:\/\/conceitoservico.com.br\/?page_id=2","title":{"rendered":"Treinamentos Online"},"content":{"rendered":"\n<pre class=\"wp-block-code\"><code><a href=\"https:\/\/conceitoservico.com.br\/?page_id=53\"><\/a><\/code><\/pre>\n\n\n\n<div class=\"wp-block-group is-nowrap is-layout-flex wp-container-core-group-layout-2 wp-block-group-is-layout-flex\">\n<div class=\"wp-block-group is-nowrap is-layout-flex wp-container-core-group-layout-1 wp-block-group-is-layout-flex\"><\/div>\n<\/div>\n\n\n\n<a href=\"https:\/\/conceitoservico.com.br\/?page_id=53\">\n            <div class=\"card\">\n              <img decoding=\"async\" src=\"http:\/\/conceitoservico.com.br\/wp-content\/uploads\/2023\/06\/Direcao-Defensiva.png\" alt=\"Card image\">\n              <h4>Dire\u00e7\u00e3o Defensiva<\/h4>\n              <p>Dirigir de modo a evitar acidentes de tr\u00e2nsito apesar das a\u00e7\u00f5es incorretas dos outros<\/p>\n            <\/div>\n          <\/a>\n\n\n\n<a href=\"https:\/\/conceitoservico.com.br\/?page_id=101\">\n     <div class=\"card\">\n        <img decoding=\"async\" src=\"http:\/\/conceitoservico.com.br\/wp-content\/uploads\/2023\/06\/NR-01.jpg\" alt=\"Card image\">\n        <h4>NR 01<\/h4>\n        <p>Disposi\u00e7\u00f5es Gerais e Gerenciamento dos Riscos Ocupacionais &#8211; GRO<\/p>\n     <\/div>\n<\/a>\n\n\n\n<a href=\"https:\/\/conceitoservico.com.br\/?page_id=136\">\n            <div class=\"card\">\n              <img decoding=\"async\" src=\"http:\/\/conceitoservico.com.br\/wp-content\/uploads\/2023\/06\/NR05.jpg\" alt=\"Card image\">\n              <h4>NR 05<\/h4>\n              <p>Comiss\u00e3o Interna de Preven\u00e7\u00e3o de Acidentes &#8211; CIPA &#8211; Grau de Risco 1 &#8211; 4<\/p>\n            <\/div>\n          <\/a>\n\n\n\n<a href=\"https:\/\/conceitoservico.com.br\/?page_id=142\">\n            <div class=\"card\">\n              <img decoding=\"async\" src=\"http:\/\/conceitoservico.com.br\/wp-content\/uploads\/2023\/06\/NR-06.jpg\" alt=\"Card image\">\n              <h4>NR 06<\/h4>\n              <p>Equipamento de Prote\u00e7\u00e3o Individual<\/p>\n            <\/div>\n          <\/a>\n\n\n\n<a href=\"https:\/\/conceitoservico.com.br\/?page_id=148\">\n            <div class=\"card\">\n              <img decoding=\"async\" src=\"http:\/\/conceitoservico.com.br\/wp-content\/uploads\/2023\/06\/NR10.jpg\" alt=\"Card image\">\n               <h4>NR 10<\/h4>\n              <p>FORMA\u00c7\u00c3O e RECICLAGEM &#8211; CURSO B\u00c1SICO &#8211; Seguran\u00e7a e Sa\u00fade em Servi\u00e7os el\u00e9tricos de Pot\u00eancia<\/p>\n            <\/div>\n          <\/a>\n\n\n\n<a href=\"https:\/\/conceitoservico.com.br\/?page_id=158\">\n            <div class=\"card\">\n              <img decoding=\"async\" src=\"http:\/\/conceitoservico.com.br\/wp-content\/uploads\/2023\/06\/NR10SEP.jpg\" alt=\"Card image\">\n               <h4>NR 10<\/h4>\n              <p>FORMA\u00c7\u00c3O e RECICLAGEM &#8211; CURSO SEP &#8211; Seguran\u00e7a e Sa\u00fade em Servi\u00e7os el\u00e9tricos de Pot\u00eancia<\/p>\n            <\/div>\n          <\/a>\n\n\n\n<a href=\"https:\/\/conceitoservico.com.br\/?page_id=165\">\n            <div class=\"card\">\n              <img decoding=\"async\" src=\"http:\/\/conceitoservico.com.br\/wp-content\/uploads\/2023\/06\/NR11PR.jpg\" alt=\"Card image\">\n                <h4>NR 11<\/h4>\n              <p>Operador de Ponte Rolante<\/p>\n            <\/div>\n          <\/a>\n\n\n\n<a href=\"https:\/\/conceitoservico.com.br\/?page_id=176\">\n            <div class=\"card\">\n              <img decoding=\"async\" src=\"http:\/\/conceitoservico.com.br\/wp-content\/uploads\/2023\/06\/NR11PE.jpg\" alt=\"Card image\">\n                <h4>NR 11<\/h4>\n              <p>Operador de Plataforma Elevat\u00f3ria<\/p>\n            <\/div>\n          <\/a>\n\n\n\n<a href=\"https:\/\/conceitoservico.com.br\/?page_id=181\">\n            <div class=\"card\">\n              <img decoding=\"async\" src=\"http:\/\/conceitoservico.com.br\/wp-content\/uploads\/2023\/06\/NR-11-Operador-de-Empilhadeira.png\" alt=\"Card image\">\n                <h4>NR 11<\/h4>\n              <p>Operador de Empilhadeira<\/p>\n            <\/div>\n          <\/a>\n\n\n\n<a href=\"https:\/\/conceitoservico.com.br\/?page_id=183\">\n            <div class=\"card\">\n              <img decoding=\"async\" src=\"http:\/\/conceitoservico.com.br\/wp-content\/uploads\/2023\/06\/NR12.jpg\" alt=\"Card image\">\n                <h4>NR 12<\/h4>\n              <p>Seguran\u00e7a com M\u00e1quinas e Equipamentos no Geral<\/p>\n            <\/div>\n          <\/a>\n\n\n\n<a href=\"https:\/\/conceitoservico.com.br\/?page_id=186\">\n            <div class=\"card\">\n              <img decoding=\"async\" src=\"http:\/\/conceitoservico.com.br\/wp-content\/uploads\/2023\/06\/NR17.png\" alt=\"Card image\">\n                <h4>NR 17<\/h4>\n              <p>Ergonomia para Atividades Administrativas<\/p>\n            <\/div>\n          <\/a>\n\n\n\n<a href=\"https:\/\/conceitoservico.com.br\/?page_id=188\">\n            <div class=\"card\">\n              <img decoding=\"async\" src=\"http:\/\/conceitoservico.com.br\/wp-content\/uploads\/2023\/06\/NR20B.jpg\" alt=\"Card image\">\n                 <h4>NR 20<\/h4>\n              <p>Curso B\u00e1sico<\/p>\n            <\/div>\n          <\/a>\n\n\n\n<a href=\"https:\/\/conceitoservico.com.br\/?page_id=191\">\n            <div class=\"card\">\n              <img decoding=\"async\" src=\"http:\/\/conceitoservico.com.br\/wp-content\/uploads\/2023\/06\/NR20I.jpg\" alt=\"Card image\">\n                 <h4>NR 20<\/h4>\n              <p>Curso Intermedi\u00e1rio<\/p>\n            <\/div>\n          <\/a>\n\n\n\n<a href=\"https:\/\/conceitoservico.com.br\/?page_id=194\">\n            <div class=\"card\">\n              <img decoding=\"async\" src=\"http:\/\/conceitoservico.com.br\/wp-content\/uploads\/2023\/06\/NR20A.jpg\" alt=\"Card image\">\n                 <h4>NR 20<\/h4>\n              <p>Curso Avan\u00e7ado I<\/p>\n            <\/div>\n          <\/a>\n\n\n\n<a href=\"https:\/\/conceitoservico.com.br\/?page_id=196\">\n            <div class=\"card\">\n              <img decoding=\"async\" src=\"http:\/\/conceitoservico.com.br\/wp-content\/uploads\/2023\/06\/NR20A.jpg\" alt=\"Card image\">\n                 <h4>NR 20<\/h4>\n              <p>Curso Avan\u00e7ado II<\/p>\n            <\/div>\n          <\/a>\n\n\n\n<a href=\"https:\/\/conceitoservico.com.br\/?page_id=198\">\n            <div class=\"card\">\n              <img decoding=\"async\" src=\"http:\/\/conceitoservico.com.br\/wp-content\/uploads\/2023\/06\/NR20E.png\" alt=\"Card image\">\n                 <h4>NR 20<\/h4>\n              <p>Curso Espec\u00edfico<\/p>\n            <\/div>\n          <\/a>\n\n\n\n<a href=\"https:\/\/conceitoservico.com.br\/?page_id=201\">\n            <div class=\"card\">\n              <img decoding=\"async\" src=\"http:\/\/conceitoservico.com.br\/wp-content\/uploads\/2023\/06\/NR31.jpg\" alt=\"Card image\">\n                 <h4>NR 31<\/h4>\n              <p>CIPATR<\/p>\n            <\/div>\n          <\/a>\n\n\n\n<a href=\"https:\/\/conceitoservico.com.br\/?page_id=204\">\n            <div class=\"card\">\n              <img decoding=\"async\" src=\"http:\/\/conceitoservico.com.br\/wp-content\/uploads\/2023\/06\/NR33.png\" alt=\"Card image\">\n                 <h4>NR 33<\/h4>\n              <p>FORMA\u00c7\u00c3O e RECICLAGEM &#8211; Trabalhador Autorizado e Vigia para Espa\u00e7o Confinado<\/p>\n            <\/div>\n          <\/a>\n\n\n\n<a href=\"https:\/\/conceitoservico.com.br\/?page_id=206\">\n            <div class=\"card\">\n              <img decoding=\"async\" src=\"http:\/\/conceitoservico.com.br\/wp-content\/uploads\/2023\/06\/NR33S.png\" alt=\"Card image\">\n                  <h4>NR 33<\/h4>\n              <p>FORMA\u00c7\u00c3O e RECICLAGEM- Supervisor para Espa\u00e7o Confinado<\/p>\n            <\/div>\n          <\/a>\n\n\n\n<a href=\"https:\/\/conceitoservico.com.br\/?page_id=434\">\n            <div class=\"card\">\n              <img decoding=\"async\" src=\"http:\/\/conceitoservico.com.br\/wp-content\/uploads\/2023\/08\/nr_34_naval.jpg\" alt=\"Card image\">\n                   <h4>NR 34<\/h4>\n              <p>SEGURAN\u00c7A E SA\u00daDE NO TRABALHO NAVAL<\/p>\n            <\/div>\n          <\/a>\n\n\n\n<a href=\"https:\/\/conceitoservico.com.br\/?page_id=208\">\n            <div class=\"card\">\n              <img decoding=\"async\" src=\"http:\/\/conceitoservico.com.br\/wp-content\/uploads\/2023\/06\/nr-35.jpg\" alt=\"Card image\">\n                   <h4>NR 35<\/h4>\n              <p>FORMA\u00c7\u00c3O e RECICLAGEM &#8211; Trabalho em Altura<\/p>\n            <\/div>\n          <\/a>\n","protected":false},"excerpt":{"rendered":"<p>Dire\u00e7\u00e3o Defensiva Dirigir de modo a evitar acidentes de tr\u00e2nsito apesar das a\u00e7\u00f5es incorretas dos outros NR 01 Disposi\u00e7\u00f5es Gerais e Gerenciamento dos Riscos Ocupacionais &#8211; GRO NR 05 Comiss\u00e3o Interna de Preven\u00e7\u00e3o de Acidentes &#8211; CIPA &#8211; Grau de Risco 1 &#8211; 4 NR 06 Equipamento de Prote\u00e7\u00e3o Individual NR 10 FORMA\u00c7\u00c3O e RECICLAGEM [&hellip;]<\/p>\n","protected":false},"author":1,"featured_media":0,"parent":0,"menu_order":0,"comment_status":"closed","ping_status":"closed","template":"","meta":{"om_disable_all_campaigns":false,"_uf_show_specific_survey":0,"_uf_disable_surveys":false,"footnotes":""},"aioseo_notices":[],"_links":{"self":[{"href":"https:\/\/conceitoservico.com.br\/index.php?rest_route=\/wp\/v2\/pages\/2"}],"collection":[{"href":"https:\/\/conceitoservico.com.br\/index.php?rest_route=\/wp\/v2\/pages"}],"about":[{"href":"https:\/\/conceitoservico.com.br\/index.php?rest_route=\/wp\/v2\/types\/page"}],"author":[{"embeddable":true,"href":"https:\/\/conceitoservico.com.br\/index.php?rest_route=\/wp\/v2\/users\/1"}],"replies":[{"embeddable":true,"href":"https:\/\/conceitoservico.com.br\/index.php?rest_route=%2Fwp%2Fv2%2Fcomments&post=2"}],"version-history":[{"count":43,"href":"https:\/\/conceitoservico.com.br\/index.php?rest_route=\/wp\/v2\/pages\/2\/revisions"}],"predecessor-version":[{"id":465,"href":"https:\/\/conceitoservico.com.br\/index.php?rest_route=\/wp\/v2\/pages\/2\/revisions\/465"}],"wp:attachment":[{"href":"https:\/\/conceitoservico.com.br\/index.php?rest_route=%2Fwp%2Fv2%2Fmedia&parent=2"}],"curies":[{"name":"wp","href":"https:\/\/api.w.org\/{rel}","templated":true}]}}