{"id":201,"date":"2023-05-20T16:28:48","date_gmt":"2023-05-20T19:28:48","guid":{"rendered":"https:\/\/conceitoservico.com.br\/?page_id=201"},"modified":"2023-06-05T21:52:46","modified_gmt":"2023-06-06T00:52:46","slug":"nr-31-comissao-interna-de-prevencao-de-acidentes-de-trabalho-rural","status":"publish","type":"page","link":"https:\/\/conceitoservico.com.br\/?page_id=201","title":{"rendered":"NR 31- Comiss\u00e3o Interna De Preven\u00e7\u00e3o De Acidentes De Trabalho Rural"},"content":{"rendered":"\n<h5 class=\"wp-block-heading has-text-align-center\">A Comiss\u00e3o Interna de Preven\u00e7\u00e3o de Acidentes garante a aplicabilidade da gest\u00e3o de seguran\u00e7a na empresa. <\/h5>\n\n\n\n<h5 class=\"wp-block-heading has-text-align-center\">Mant\u00ea-la em perfeito funcionamento, provendo os subs\u00eddios necess\u00e1rios para que a comiss\u00e3o desempenhe as suas atribui\u00e7\u00f5es, \u00e9 a garantia da minimiza\u00e7\u00e3o de acidentes do trabalho e consequente aumento da qualidade de vida no ambiente laboral e aumento da produtividade.<\/h5>\n\n\n\n<h5 class=\"wp-block-heading has-text-align-center\">Todos os requisitos para a constitui\u00e7\u00e3o, organiza\u00e7\u00e3o e funcionamento da CIPA\/CIPATR s\u00e3o estabelecidos na Norma Regulamentadora 5 e 31 da Portaria 3214\/1978.<\/h5>\n\n\n\n<hr class=\"wp-block-separator has-alpha-channel-opacity\"\/>\n\n\n\n<ol>\n                <li> Introdu\u00e7\u00e3o <\/li>\n                <li> Norma Regulamentadora 31<\/li>\n                <li> Atribui\u00e7\u00f5es Da Cipatr <\/li>\n                <li> Funcionamento Da Cipatr <\/li>\n                <li> Treinamento Da Cipatr <\/li>\n                <li> Constatadas Para Presta\u00e7\u00e3o De Servi\u00e7o <\/li>\n                <li> Riscos Ocupacionais <\/li>\n                <li> Medidas De Controle <\/li>\n                <li> Equipamento De Prote\u00e7\u00e3o Coletiva <\/li>\n                <li> Medidas Administrativas <\/li>\n                <li> Medidas M\u00e9dicas <\/li>\n                <li> Medidas Educativas <\/li>\n                <li> Medidas Psicol\u00f3gicas <\/li>\n                <li> Equipamento De Prote\u00e7\u00e3o Individual- EPI <\/li>\n                <li> Mapa De Risco <\/li>\n                <li> An\u00e1lise De Risco <\/li>\n                <li> Acidente De Trabalho <\/li>\n                <li> No\u00e7\u00f5es E Legisla\u00e7\u00e3o Previdenci\u00e1ria <\/li>\n                <li> Inclus\u00e3o De Pessoas Com Defici\u00eancia E Reabilitados Nos Processos De Trabalho <\/li>\n                <li> Sensibiliza\u00e7\u00e3o De Equipes Na Inclus\u00e3o Da Pessoa Com Defici\u00eancia <\/li>\n                <li> Refer\u00eancias Bibliogr\u00e1ficas <\/li>\n            <\/ol>\n\n\n\n<div class=\"wp-block-buttons is-content-justification-right is-layout-flex wp-container-core-buttons-layout-1 wp-block-buttons-is-layout-flex\">\n<div class=\"wp-block-button\"><a class=\"wp-block-button__link wp-element-button\" href=\"https:\/\/conceitoservico.com.br\/?page_id=237\">Inscrever-se<\/a><\/div>\n<\/div>\n","protected":false},"excerpt":{"rendered":"<p>A Comiss\u00e3o Interna de Preven\u00e7\u00e3o de Acidentes garante a aplicabilidade da gest\u00e3o de seguran\u00e7a na empresa. Mant\u00ea-la em perfeito funcionamento, provendo os subs\u00eddios necess\u00e1rios para que a comiss\u00e3o desempenhe as suas atribui\u00e7\u00f5es, \u00e9 a garantia da minimiza\u00e7\u00e3o de acidentes do trabalho e consequente aumento da qualidade de vida no ambiente laboral e aumento da produtividade. [&hellip;]<\/p>\n","protected":false},"author":1,"featured_media":0,"parent":0,"menu_order":0,"comment_status":"closed","ping_status":"closed","template":"","meta":{"om_disable_all_campaigns":false,"_uf_show_specific_survey":0,"_uf_disable_surveys":false,"footnotes":""},"aioseo_notices":[],"_links":{"self":[{"href":"https:\/\/conceitoservico.com.br\/index.php?rest_route=\/wp\/v2\/pages\/201"}],"collection":[{"href":"https:\/\/conceitoservico.com.br\/index.php?rest_route=\/wp\/v2\/pages"}],"about":[{"href":"https:\/\/conceitoservico.com.br\/index.php?rest_route=\/wp\/v2\/types\/page"}],"author":[{"embeddable":true,"href":"https:\/\/conceitoservico.com.br\/index.php?rest_route=\/wp\/v2\/users\/1"}],"replies":[{"embeddable":true,"href":"https:\/\/conceitoservico.com.br\/index.php?rest_route=%2Fwp%2Fv2%2Fcomments&post=201"}],"version-history":[{"count":2,"href":"https:\/\/conceitoservico.com.br\/index.php?rest_route=\/wp\/v2\/pages\/201\/revisions"}],"predecessor-version":[{"id":256,"href":"https:\/\/conceitoservico.com.br\/index.php?rest_route=\/wp\/v2\/pages\/201\/revisions\/256"}],"wp:attachment":[{"href":"https:\/\/conceitoservico.com.br\/index.php?rest_route=%2Fwp%2Fv2%2Fmedia&parent=201"}],"curies":[{"name":"wp","href":"https:\/\/api.w.org\/{rel}","templated":true}]}}