{"id":206,"date":"2023-05-20T16:36:39","date_gmt":"2023-05-20T19:36:39","guid":{"rendered":"https:\/\/conceitoservico.com.br\/?page_id=206"},"modified":"2023-06-05T21:45:04","modified_gmt":"2023-06-06T00:45:04","slug":"formacao-e-reciclagem-nr-33-supervisor-para-espaco-confinado","status":"publish","type":"page","link":"https:\/\/conceitoservico.com.br\/?page_id=206","title":{"rendered":"FORMA\u00c7\u00c3O E RECICLAGEM- NR 33 &#8211; SUPERVISOR PARA ESPA\u00c7O CONFINADO"},"content":{"rendered":"\n<h5 class=\"wp-block-heading has-text-align-center\">A Comiss\u00e3o Interna de Preven\u00e7\u00e3o de Acidentes garante a aplicabilidade da gest\u00e3o de seguran\u00e7a na empresa. Mant\u00ea-la em perfeito funcionamento, provendo os subs\u00eddios necess\u00e1rios para que a comiss\u00e3o desempenhe as suas atribui\u00e7\u00f5es, \u00e9 a garantia da minimiza\u00e7\u00e3o de acidentes do trabalho e consequente aumento da qualidade de vida no ambiente laboral e aumento da produtividade.<\/h5>\n\n\n\n<h5 class=\"wp-block-heading has-text-align-center\">Todos os requisitos para a constitui\u00e7\u00e3o, organiza\u00e7\u00e3o e funcionamento da CIPA\/CIPATR s\u00e3o estabelecidos na Norma Regulamentadora 5 e 31 da Portaria 3214\/1978.<\/h5>\n\n\n\n<hr class=\"wp-block-separator has-alpha-channel-opacity\"\/>\n\n\n\n<ol>\n                <li> INTRODU\u00c7\u00c3O SOBRE ESPA\u00c7O CONFINADO <\/li>\n                <li> IDENTIFICA\u00c7\u00c3O DOS ESPA\u00c7OS CONFINADOS<\/li>\n                <li> RECONHECIMENTO DE RISCOS<\/li>\n                <li> \u00c1REA CLASSIFICADA<\/li>\n                <li> PROCEDIMENTO E UTILIZA\u00c7\u00c3O DA PERMISS\u00c3O DE ENTRADA DE TRABALHO &#8211; PET<\/li>\n                <li> CONTROLE DE RISCOS<\/li>\n                <li> EQUIPAMENTOS UTILIZADOS<\/li>\n                <li> PR\u00c1TICAS SEGURAN\u00c7A EM ESPA\u00c7O CONFINADO<\/li>\n                <li> PROGRAMA DE PROTE\u00c7\u00c3O RESPIRAT\u00d3RIA &#8211; PPR<\/li>\n                <li> ACIDENTE DE TRABALHO<\/li>\n                <li> NO\u00c7\u00d5ES DE EMERG\u00caNCIA E RESGATE<\/li>\n                <li> PRIMEIROS SOCORROS<\/li>\n            <\/ol>\n\n\n\n<div class=\"wp-block-buttons is-content-justification-right is-layout-flex wp-container-core-buttons-layout-1 wp-block-buttons-is-layout-flex\">\n<div class=\"wp-block-button\"><a class=\"wp-block-button__link wp-element-button\" href=\"https:\/\/conceitoservico.com.br\/?page_id=237\">Inscrever-se<\/a><\/div>\n<\/div>\n","protected":false},"excerpt":{"rendered":"<p>A Comiss\u00e3o Interna de Preven\u00e7\u00e3o de Acidentes garante a aplicabilidade da gest\u00e3o de seguran\u00e7a na empresa. Mant\u00ea-la em perfeito funcionamento, provendo os subs\u00eddios necess\u00e1rios para que a comiss\u00e3o desempenhe as suas atribui\u00e7\u00f5es, \u00e9 a garantia da minimiza\u00e7\u00e3o de acidentes do trabalho e consequente aumento da qualidade de vida no ambiente laboral e aumento da produtividade. [&hellip;]<\/p>\n","protected":false},"author":1,"featured_media":0,"parent":0,"menu_order":0,"comment_status":"closed","ping_status":"closed","template":"","meta":{"om_disable_all_campaigns":false,"_uf_show_specific_survey":0,"_uf_disable_surveys":false,"footnotes":""},"aioseo_notices":[],"_links":{"self":[{"href":"https:\/\/conceitoservico.com.br\/index.php?rest_route=\/wp\/v2\/pages\/206"}],"collection":[{"href":"https:\/\/conceitoservico.com.br\/index.php?rest_route=\/wp\/v2\/pages"}],"about":[{"href":"https:\/\/conceitoservico.com.br\/index.php?rest_route=\/wp\/v2\/types\/page"}],"author":[{"embeddable":true,"href":"https:\/\/conceitoservico.com.br\/index.php?rest_route=\/wp\/v2\/users\/1"}],"replies":[{"embeddable":true,"href":"https:\/\/conceitoservico.com.br\/index.php?rest_route=%2Fwp%2Fv2%2Fcomments&post=206"}],"version-history":[{"count":2,"href":"https:\/\/conceitoservico.com.br\/index.php?rest_route=\/wp\/v2\/pages\/206\/revisions"}],"predecessor-version":[{"id":244,"href":"https:\/\/conceitoservico.com.br\/index.php?rest_route=\/wp\/v2\/pages\/206\/revisions\/244"}],"wp:attachment":[{"href":"https:\/\/conceitoservico.com.br\/index.php?rest_route=%2Fwp%2Fv2%2Fmedia&parent=206"}],"curies":[{"name":"wp","href":"https:\/\/api.w.org\/{rel}","templated":true}]}}