{"id":211,"date":"2023-06-30T20:20:26","date_gmt":"2023-06-30T23:20:26","guid":{"rendered":"https:\/\/conceitoservico.com.br\/?page_id=211"},"modified":"2024-05-01T20:11:52","modified_gmt":"2024-05-01T23:11:52","slug":"sobre-conceito-servicos-e-treinamentos","status":"publish","type":"page","link":"https:\/\/conceitoservico.com.br\/?page_id=211","title":{"rendered":"Sobre Conceito Servi\u00e7os e Treinamentos"},"content":{"rendered":"\t\t<div data-elementor-type=\"wp-page\" data-elementor-id=\"211\" class=\"elementor elementor-211\">\n\t\t\t\t<div class=\"elementor-element elementor-element-2c81b724 e-flex e-con-boxed e-con e-parent\" data-id=\"2c81b724\" data-element_type=\"container\">\n\t\t\t\t\t<div class=\"e-con-inner\">\n\t\t\t\t<div class=\"elementor-element elementor-element-72179749 elementor-widget elementor-widget-text-editor\" data-id=\"72179749\" data-element_type=\"widget\" data-widget_type=\"text-editor.default\">\n\t\t\t\t<div class=\"elementor-widget-container\">\n\t\t\t<style>\/*! elementor - v3.22.0 - 26-06-2024 *\/\n.elementor-widget-text-editor.elementor-drop-cap-view-stacked .elementor-drop-cap{background-color:#69727d;color:#fff}.elementor-widget-text-editor.elementor-drop-cap-view-framed .elementor-drop-cap{color:#69727d;border:3px solid;background-color:transparent}.elementor-widget-text-editor:not(.elementor-drop-cap-view-default) .elementor-drop-cap{margin-top:8px}.elementor-widget-text-editor:not(.elementor-drop-cap-view-default) .elementor-drop-cap-letter{width:1em;height:1em}.elementor-widget-text-editor .elementor-drop-cap{float:left;text-align:center;line-height:1;font-size:50px}.elementor-widget-text-editor .elementor-drop-cap-letter{display:inline-block}<\/style>\t\t\t\t<p><!-- wp:html --><\/p>\n<h4>Introdu\u00e7\u00e3o<\/h4>\n<p>A Conceito Servi\u00e7os e Treinamentos, foi criada em 2021 com objetivo de ser um diferencial na \u00e1rea de seguran\u00e7a do trabalho, realizando cursos e treinamentos com qualidade e responsabilidade. Atendendo as Normas Regulamentadoras e outras normas aplicaveis, capacitando os colaboradores para realizar suas atividades de forma segura, atuando na preven\u00e7\u00e3o de acidentes e doen\u00e7as relacionadas ao trabalho. Atuamos tamb\u00e9m\u00a0na gest\u00e3o de seguran\u00e7a do trabalho na aplica\u00e7\u00e3o da higiene ocupacional, elabora\u00e7\u00e3o de programa de seguran\u00e7a e laudos t\u00e9cnicos atendendo as legisla\u00e7\u00f5es trabalhista e previdenci\u00e1rias.<\/p>\n<p>\u00a0<\/p>\n<h4>Vis\u00e3o<\/h4>\n<p>Ser prioridade na escolha para presta\u00e7\u00e3o de servi\u00e7os em seguran\u00e7a do trabalho para elaboracao e gestao de documentos e capacitacao de pessoas, sendo assim reconhecida como a melhor empresa no segmento.<\/p>\n<p>\u00a0<\/p>\n<h4>Miss\u00e3o<\/h4>\n<p>Atender as demandas dos nossos clientes com excel\u00eancia, respeito e profissionalismo. Contribuindo para a capacita\u00e7\u00e3o de seus funcion\u00e1rios e promovendo a preven\u00e7\u00e3o de acidentes no ambiente de trabalho<\/p>\n<p>\u00a0<\/p>\n<h4>Valores<\/h4>\n<ul>\n<li style=\"list-style-type: none;\">\n<ul>\n<li>Respeito, \u00e9tica e profissionalismo;<\/li>\n<\/ul>\n<\/li>\n<\/ul>\n<p>\u00c9tica \u00e9 o ideal da conduta humana, desenvolvido em conjunto com o processo moral e cultural, que deve direcionar cada ser humano sobre o que \u00e9 bom e correto. A \u00e9tica no trabalho orienta o teor das decis\u00f5es (o que devo fazer) e o processo para a tomada de decis\u00e3o (como devo fazer).<br \/>Todos os colaboradores devem obedecer a este C\u00f3digo e manter uma postura profissional, sejam na condu\u00e7\u00e3o dos seus trabalhos, em treinamentos, eventos internos ou externos, preservando sempre a boa imagem da CONCEITO.<\/p>\n<ul>\n<li style=\"list-style-type: none;\">\n<ul>\n<li>Responsabilidade<\/li>\n<\/ul>\n<\/li>\n<\/ul>\n<p>o Assumimos a responsabilidade por nossas a\u00e7\u00f5es. Conversamos uns com os outros e ouvimos o que eles t\u00eam a dizer para entender o que esperam de n\u00f3s. Trabalhamos para melhorar nosso desempenho comercial, social e ambiental.<\/p>\n<ul>\n<li style=\"list-style-type: none;\">\n<ul>\n<li>Comprometimento;<\/li>\n<\/ul>\n<\/li>\n<\/ul>\n<p>o Temos a coragem de fazer o que \u00e9 certo, mesmo nas situa\u00e7\u00f5es mais dif\u00edceis. Cumprimos o que prometemos e nos tratamos mutuamente de forma justa e com respeito.<\/p>\n<ul>\n<li style=\"list-style-type: none;\">\n<ul>\n<li>Simplicidade<\/li>\n<\/ul>\n<\/li>\n<\/ul>\n<p>o trabalhamos com efici\u00eancia e nos concentramos com o que \u00e9 importante. Evitamos complexidade desnecess\u00e1rias e buscamos solu\u00e7\u00f5es simples pragm\u00e1ticas.<\/p>\n<ul>\n<li style=\"list-style-type: none;\">\n<ul>\n<li>Seguran\u00e7a<\/li>\n<\/ul>\n<\/li>\n<\/ul>\n<p>o trabalhamos com efici\u00eancia e nos concentramos com o que \u00e9 importante. Evitamos complexidade desnecess\u00e1rias e buscamos solu\u00e7\u00f5es simples pragm\u00e1ticas.<\/p>\n<p><!-- \/wp:html --><\/p>\t\t\t\t\t\t<\/div>\n\t\t\t\t<\/div>\n\t\t\t\t\t<\/div>\n\t\t\t\t<\/div>\n\t\t\t\t<\/div>\n\t\t","protected":false},"excerpt":{"rendered":"<p>Introdu\u00e7\u00e3o A Conceito Servi\u00e7os e Treinamentos, foi criada em 2021 com objetivo de ser um diferencial na \u00e1rea de seguran\u00e7a do trabalho, realizando cursos e treinamentos com qualidade e responsabilidade. Atendendo as Normas Regulamentadoras e outras normas aplicaveis, capacitando os colaboradores para realizar suas atividades de forma segura, atuando na preven\u00e7\u00e3o de acidentes e doen\u00e7as [&hellip;]<\/p>\n","protected":false},"author":1,"featured_media":0,"parent":0,"menu_order":0,"comment_status":"closed","ping_status":"closed","template":"","meta":{"om_disable_all_campaigns":false,"_uf_show_specific_survey":0,"_uf_disable_surveys":false,"footnotes":""},"aioseo_notices":[],"_links":{"self":[{"href":"https:\/\/conceitoservico.com.br\/index.php?rest_route=\/wp\/v2\/pages\/211"}],"collection":[{"href":"https:\/\/conceitoservico.com.br\/index.php?rest_route=\/wp\/v2\/pages"}],"about":[{"href":"https:\/\/conceitoservico.com.br\/index.php?rest_route=\/wp\/v2\/types\/page"}],"author":[{"embeddable":true,"href":"https:\/\/conceitoservico.com.br\/index.php?rest_route=\/wp\/v2\/users\/1"}],"replies":[{"embeddable":true,"href":"https:\/\/conceitoservico.com.br\/index.php?rest_route=%2Fwp%2Fv2%2Fcomments&post=211"}],"version-history":[{"count":14,"href":"https:\/\/conceitoservico.com.br\/index.php?rest_route=\/wp\/v2\/pages\/211\/revisions"}],"predecessor-version":[{"id":490,"href":"https:\/\/conceitoservico.com.br\/index.php?rest_route=\/wp\/v2\/pages\/211\/revisions\/490"}],"wp:attachment":[{"href":"https:\/\/conceitoservico.com.br\/index.php?rest_route=%2Fwp%2Fv2%2Fmedia&parent=211"}],"curies":[{"name":"wp","href":"https:\/\/api.w.org\/{rel}","templated":true}]}}