{"id":398,"date":"2023-07-19T10:32:46","date_gmt":"2023-07-19T13:32:46","guid":{"rendered":"https:\/\/conceitoservico.com.br\/?page_id=398"},"modified":"2023-07-19T10:32:46","modified_gmt":"2023-07-19T13:32:46","slug":"documentacao","status":"publish","type":"page","link":"https:\/\/conceitoservico.com.br\/?page_id=398","title":{"rendered":"Documenta\u00e7\u00e3o"},"content":{"rendered":"\n<a href=\"https:\/\/contate.me\/conceitoservicosetreinamentos\">\n            <div class=\"card\">\n              <img decoding=\"async\" src=\"http:\/\/conceitoservico.com.br\/wp-content\/uploads\/2023\/07\/Avaliacao-Ergonomica-do-Trabaho.png\" alt=\"Card image\">\n                   <h4>AET<\/h4>\n              <p>Avalia\u00e7\u00e3o Ergon\u00f4mica do Trabaho<\/p>\n            <\/div>\n          <\/a>\n\n\n\n<a href=\"https:\/\/contate.me\/conceitoservicosetreinamentos\">\n            <div class=\"card\">\n              <img decoding=\"async\" src=\"http:\/\/conceitoservico.com.br\/wp-content\/uploads\/2023\/07\/Laudo-de-Periculosidade.png\n\" alt=\"Card image\">\n                   <h4>LP<\/h4>\n              <p>Laudo de Periculosidade<\/p>\n            <\/div>\n          <\/a>\n\n\n\n<a href=\"https:\/\/contate.me\/conceitoservicosetreinamentos\">\n            <div class=\"card\">\n              <img decoding=\"async\" src=\"http:\/\/conceitoservico.com.br\/wp-content\/uploads\/2023\/07\/Laudo-de-Insalubridade.jpg\" alt=\"Card image\">\n                   <h4>LI<\/h4>\n              <p>Laudo de Insalubridade<\/p>\n            <\/div>\n          <\/a>\n\n\n\n<a href=\"https:\/\/contate.me\/conceitoservicosetreinamentos\">\n            <div class=\"card\">\n              <img decoding=\"async\" src=\"http:\/\/conceitoservico.com.br\/wp-content\/uploads\/2023\/07\/Laudo-Tecnico-das-Condicoes-Ambientais-do-Trabalho.jpg\" alt=\"Card image\">\n                   <h4>LTCAT<\/h4>\n              <p>Laudo T\u00e9cnico das Condi\u00e7\u00f5es Ambientais do Trabalho<\/p>\n            <\/div>\n          <\/a>\n\n\n\n<a href=\"https:\/\/contate.me\/conceitoservicosetreinamentos\">\n            <div class=\"card\">\n              <img decoding=\"async\" src=\"http:\/\/conceitoservico.com.br\/wp-content\/uploads\/2023\/07\/0000041_zoom_emergencia-evacuacao.jpg\" alt=\"Card image\">\n                   <h4>PAE<\/h4>\n              <p>Plano de Atendimento \u00e0 Emerg\u00eancia<\/p>\n            <\/div>\n          <\/a>\n\n\n\n<a href=\"https:\/\/contate.me\/conceitoservicosetreinamentos\">\n            <div class=\"card\">\n              <img decoding=\"async\" src=\"http:\/\/conceitoservico.com.br\/wp-content\/uploads\/2023\/07\/PCA_-_Prometal_EPIs.jpg\" alt=\"Card image\">\n                   <h4>PCA<\/h4>\n              <p>Programa de Controle Auditivo<\/p>\n            <\/div>\n          <\/a>\n\n\n\n<a href=\"https:\/\/contate.me\/conceitoservicosetreinamentos\">\n            <div class=\"card\">\n              <img decoding=\"async\" src=\"http:\/\/conceitoservico.com.br\/wp-content\/uploads\/2023\/07\/Programa-de-Protecao-Respiratorio.png\" alt=\"Card image\">\n                   <h4>PPR<\/h4>\n              <p>Programa de Prote\u00e7\u00e3o Respirat\u00f3rio<\/p>\n            <\/div>\n          <\/a>\n\n\n\n<a href=\"https:\/\/contate.me\/conceitoservicosetreinamentos\">\n            <div class=\"card\">\n              <img decoding=\"async\" src=\"http:\/\/conceitoservico.com.br\/wp-content\/uploads\/2023\/07\/Programa-de-Controle-Medico-de-Saude-Ocupacional.png\" alt=\"Card image\">\n                   <h4>PCMSO<\/h4>\n              <p>Programa de Controle M\u00e9dico de Sa\u00fade Ocupacional<\/p>\n            <\/div>\n          <\/a>\n\n\n\n<a href=\"https:\/\/contate.me\/conceitoservicosetreinamentos\">\n            <div class=\"card\">\n              <img decoding=\"async\" src=\"http:\/\/conceitoservico.com.br\/wp-content\/uploads\/2023\/07\/pgr.png\" alt=\"Card image\">\n                   <h4>PGR<\/h4>\n              <p>Programa de Gerenciamento dos Riscos<\/p>\n            <\/div>\n          <\/a>\n\n\n\n<a href=\"https:\/\/contate.me\/conceitoservicosetreinamentos\">\n            <div class=\"card\">\n              <img decoding=\"async\" src=\"http:\/\/conceitoservico.com.br\/wp-content\/uploads\/2023\/07\/prolifeengenharia.com_.br-e-social-saude-seguranca-e-social.jpg\" alt=\"Card image\">\n                   <h4>E-Social<\/h4>\n            <\/div>\n          <\/a>\n","protected":false},"excerpt":{"rendered":"<p>AET Avalia\u00e7\u00e3o Ergon\u00f4mica do Trabaho LP Laudo de Periculosidade LI Laudo de Insalubridade LTCAT Laudo T\u00e9cnico das Condi\u00e7\u00f5es Ambientais do Trabalho PAE Plano de Atendimento \u00e0 Emerg\u00eancia PCA Programa de Controle Auditivo PPR Programa de Prote\u00e7\u00e3o Respirat\u00f3rio PCMSO Programa de Controle M\u00e9dico de Sa\u00fade Ocupacional PGR Programa de Gerenciamento dos Riscos E-Social<\/p>\n","protected":false},"author":1,"featured_media":0,"parent":0,"menu_order":0,"comment_status":"closed","ping_status":"closed","template":"","meta":{"om_disable_all_campaigns":false,"_uf_show_specific_survey":0,"_uf_disable_surveys":false,"footnotes":""},"aioseo_notices":[],"_links":{"self":[{"href":"https:\/\/conceitoservico.com.br\/index.php?rest_route=\/wp\/v2\/pages\/398"}],"collection":[{"href":"https:\/\/conceitoservico.com.br\/index.php?rest_route=\/wp\/v2\/pages"}],"about":[{"href":"https:\/\/conceitoservico.com.br\/index.php?rest_route=\/wp\/v2\/types\/page"}],"author":[{"embeddable":true,"href":"https:\/\/conceitoservico.com.br\/index.php?rest_route=\/wp\/v2\/users\/1"}],"replies":[{"embeddable":true,"href":"https:\/\/conceitoservico.com.br\/index.php?rest_route=%2Fwp%2Fv2%2Fcomments&post=398"}],"version-history":[{"count":2,"href":"https:\/\/conceitoservico.com.br\/index.php?rest_route=\/wp\/v2\/pages\/398\/revisions"}],"predecessor-version":[{"id":400,"href":"https:\/\/conceitoservico.com.br\/index.php?rest_route=\/wp\/v2\/pages\/398\/revisions\/400"}],"wp:attachment":[{"href":"https:\/\/conceitoservico.com.br\/index.php?rest_route=%2Fwp%2Fv2%2Fmedia&parent=398"}],"curies":[{"name":"wp","href":"https:\/\/api.w.org\/{rel}","templated":true}]}}