{"id":53,"date":"2023-05-20T11:08:00","date_gmt":"2023-05-20T14:08:00","guid":{"rendered":"https:\/\/conceitoservico.com.br\/?page_id=53"},"modified":"2023-06-05T21:43:58","modified_gmt":"2023-06-06T00:43:58","slug":"direcao-defensiva","status":"publish","type":"page","link":"https:\/\/conceitoservico.com.br\/?page_id=53","title":{"rendered":"Dire\u00e7\u00e3o Defensiva"},"content":{"rendered":"\n<p class=\"has-text-align-center\">&nbsp; &nbsp; &nbsp; &nbsp; &nbsp; &nbsp; &nbsp;<\/p>\n\n\n\n<h5 class=\"has-text-align-center\"><strong>Dirigir de modo a evitar acidentes de tr\u00e2nsito apesar das a\u00e7\u00f5es incorretas dos outros e das condi\u00e7\u00f5es adversas, pois, conhecer as regras n\u00e3o \u00e9 o suficiente para evitar acidentes e h\u00e1 necessidade de mudar o comportamento no tr\u00e2nsito.<\/strong><\/h5>\n\n\n\n<hr class=\"wp-block-separator has-alpha-channel-opacity\"\/>\n\n\n\n<ol>\n<li>Introdu\u00e7\u00e3o<\/li>\n\n\n\n<li>Conceito de Dire\u00e7\u00e3o Defensiva<\/li>\n\n\n\n<li>Acidente de Tr\u00e2nsito <\/li>\n\n\n\n<li>Conduzindo em Situa\u00e7\u00f5es Adversas <\/li>\n\n\n\n<li>Princ\u00edpios B\u00e1sicos Pr\u00e9- Partida <\/li>\n\n\n\n<li>M\u00e9todo da Dire\u00e7\u00e3o Defensiva <\/li>\n\n\n\n<li>Evitando Colis\u00e3o <\/li>\n\n\n\n<li>Classifica\u00e7\u00e3o das Vias <\/li>\n\n\n\n<li>Sinaliza\u00e7\u00e3o de Tr\u00e2nsito <\/li>\n\n\n\n<li>Sinaliza\u00e7\u00f5es de Tr\u00e2nsito<\/li>\n\n\n\n<li>Infra\u00e7\u00f5es e Penalidade <\/li>\n\n\n\n<li>Motorista Defensivo<\/li>\n<\/ol>\n\n\n\n<div class=\"wp-block-buttons is-content-justification-right is-layout-flex wp-container-core-buttons-layout-1 wp-block-buttons-is-layout-flex\">\n<div class=\"wp-block-button\"><a class=\"wp-block-button__link wp-element-button\" href=\"https:\/\/conceitoservico.com.br\/?page_id=237\">Inscrever-se<\/a><\/div>\n<\/div>\n","protected":false},"excerpt":{"rendered":"<p>&nbsp; &nbsp; &nbsp; &nbsp; &nbsp; &nbsp; &nbsp; Dirigir de modo a evitar acidentes de tr\u00e2nsito apesar das a\u00e7\u00f5es incorretas dos outros e das condi\u00e7\u00f5es adversas, pois, conhecer as regras n\u00e3o \u00e9 o suficiente para evitar acidentes e h\u00e1 necessidade de mudar o comportamento no tr\u00e2nsito.<\/p>\n","protected":false},"author":1,"featured_media":45,"parent":0,"menu_order":0,"comment_status":"closed","ping_status":"closed","template":"","meta":{"om_disable_all_campaigns":false,"_uf_show_specific_survey":0,"_uf_disable_surveys":false,"footnotes":""},"aioseo_notices":[],"_links":{"self":[{"href":"https:\/\/conceitoservico.com.br\/index.php?rest_route=\/wp\/v2\/pages\/53"}],"collection":[{"href":"https:\/\/conceitoservico.com.br\/index.php?rest_route=\/wp\/v2\/pages"}],"about":[{"href":"https:\/\/conceitoservico.com.br\/index.php?rest_route=\/wp\/v2\/types\/page"}],"author":[{"embeddable":true,"href":"https:\/\/conceitoservico.com.br\/index.php?rest_route=\/wp\/v2\/users\/1"}],"replies":[{"embeddable":true,"href":"https:\/\/conceitoservico.com.br\/index.php?rest_route=%2Fwp%2Fv2%2Fcomments&post=53"}],"version-history":[{"count":10,"href":"https:\/\/conceitoservico.com.br\/index.php?rest_route=\/wp\/v2\/pages\/53\/revisions"}],"predecessor-version":[{"id":241,"href":"https:\/\/conceitoservico.com.br\/index.php?rest_route=\/wp\/v2\/pages\/53\/revisions\/241"}],"wp:featuredmedia":[{"embeddable":true,"href":"https:\/\/conceitoservico.com.br\/index.php?rest_route=\/wp\/v2\/media\/45"}],"wp:attachment":[{"href":"https:\/\/conceitoservico.com.br\/index.php?rest_route=%2Fwp%2Fv2%2Fmedia&parent=53"}],"curies":[{"name":"wp","href":"https:\/\/api.w.org\/{rel}","templated":true}]}}